

{"id":13388,"date":"2016-01-25T23:00:02","date_gmt":"2016-01-26T04:00:02","guid":{"rendered":"http:\/\/caodanak.asban.ca\/en\/?page_id=13388"},"modified":"2016-07-27T10:35:22","modified_gmt":"2016-07-27T14:35:22","slug":"kasaba-project","status":"publish","type":"page","link":"https:\/\/old-caodanak.asban.dev\/en\/kasaba-project\/","title":{"rendered":"Kabasa Project"},"content":{"rendered":"<div class=\"fusion-one-half fusion-layout-column fusion-spacing-yes\" style=\"margin-top:0px;margin-bottom:20px;\"><div class=\"fusion-column-wrapper\"><div class=\"highlight\">2011 &#8211; 2012<\/div>\n<p style=\"text-align: justify;\">The Kabasa project 2011 &#8211; 2012 is based on the acquisition of knowledge on yellow sturgeon in order to raise awareness among Odanak members and local stakeholders on the biology, sensitivity and importance of this species. The Land and Development Office gave itself the mission of demystifying the life of this fish and giving it back its rightful honor. This information also allowed us to establish a profile of this fish\u2019s situation in the St. Francis River (the Arsikanteg8) and establish actions to be taken to support this fish locally.<\/p>\n<div class=\"fusion-clearfix\"><\/div><\/div><\/div><div class=\"fusion-one-half fusion-layout-column fusion-column-last fusion-spacing-yes\" style=\"margin-top:0px;margin-bottom:20px;\"><div class=\"fusion-column-wrapper\"><div class=\"highlight\">2012 &#8211; 2013<\/div>\n<p style=\"text-align: justify;\">The yellow sturgeon (kabasa) is at the heart of Waban Aki culture in Odanak. In fact, our ancestors drew this fish as their signature when trading. In addition, historical documents cite the St. Francis River (the Arsikanteg8), which borders the community of Odanak, as a zone offering several spawning sectors for the St. Lawrence River\u2019s sturgeon population. For this reason the community of Odanak gave itself the mandate to establish the current profile of the sturgeon\u2019s use of this river during the spawning period. Therefore, the 2012 &#8211; 2013 project allowed for the location of this fish\u2019s reproduction sited by using egg collection techniques. In addition, the substrate of priority sectors has been characterized and mapped.<\/p>\n<div class=\"fusion-clearfix\"><\/div><\/div><\/div><div class=\"fusion-clearfix\"><\/div><div class=\"fusion-one-fourth fusion-layout-column fusion-spacing-yes\" style=\"margin-top:0px;margin-bottom:20px;\"><div class=\"fusion-column-wrapper\"><span class=\"fusion-imageframe imageframe-none imageframe-1 hover-type-none\"> <img decoding=\"async\" alt=\"\" src=\"https:\/\/old-caodanak.asban.dev\/wp-content\/uploads\/2016\/01\/presentation.jpg\" class=\"img-responsive\"\/><\/span><div class=\"fusion-title title fusion-title-size-two\" style=\"margin-top:20px;\"><h2 class=\"title-heading-left\">PRESENTATION ON YELLOW STURGEON IN THE COMMUNITY<\/h2><div class=\"title-sep-container\"><div class=\"title-sep sep-none\"><\/div><\/div><\/div><p>2011<\/p>\n<div class=\"fusion-clearfix\"><\/div><\/div><\/div><div class=\"fusion-one-fourth fusion-layout-column fusion-spacing-yes\" style=\"margin-top:0px;margin-bottom:20px;\"><div class=\"fusion-column-wrapper\"><span class=\"fusion-imageframe imageframe-none imageframe-2 hover-type-none\"> <img decoding=\"async\" alt=\"\" src=\"https:\/\/old-caodanak.asban.dev\/wp-content\/uploads\/2016\/01\/inventaire-1.jpg\" class=\"img-responsive\"\/><\/span><div class=\"fusion-title title fusion-title-size-two\" style=\"margin-top:20px;\"><h2 class=\"title-heading-left\">INVENTORY OF SPAWNING GROUNDS BY EGG COLLECTORS<\/h2><div class=\"title-sep-container\"><div class=\"title-sep sep-none\"><\/div><\/div><\/div><p>2012<\/p>\n<div class=\"fusion-clearfix\"><\/div><\/div><\/div><div class=\"fusion-one-fourth fusion-layout-column fusion-spacing-yes\" style=\"margin-top:0px;margin-bottom:20px;\"><div class=\"fusion-column-wrapper\"><span class=\"fusion-imageframe imageframe-none imageframe-3 hover-type-none\"> <img decoding=\"async\" alt=\"\" src=\"https:\/\/old-caodanak.asban.dev\/wp-content\/uploads\/2016\/01\/oeufs.jpg\" class=\"img-responsive\"\/><\/span><div class=\"fusion-title title fusion-title-size-two\" style=\"margin-top:20px;\"><h2 class=\"title-heading-left\">COLLECTION OF STURGEON EGGS<\/h2><div class=\"title-sep-container\"><div class=\"title-sep sep-none\"><\/div><\/div><\/div><p>2012<\/p>\n<div class=\"fusion-clearfix\"><\/div><\/div><\/div><div class=\"fusion-one-fourth fusion-layout-column fusion-column-last fusion-spacing-yes\" style=\"margin-top:0px;margin-bottom:20px;\"><div class=\"fusion-column-wrapper\"><span class=\"fusion-imageframe imageframe-none imageframe-4 hover-type-none\"> <img decoding=\"async\" alt=\"\" src=\"https:\/\/old-caodanak.asban.dev\/wp-content\/uploads\/2016\/01\/caracterisation.jpg\" class=\"img-responsive\"\/><\/span><div class=\"fusion-title title fusion-title-size-two\" style=\"margin-top:20px;\"><h2 class=\"title-heading-left\">CHARACTERIZATION OF SUBSTRATE<\/h2><div class=\"title-sep-container\"><div class=\"title-sep sep-none\"><\/div><\/div><\/div><p>Summer 2012<\/p>\n<div class=\"fusion-clearfix\"><\/div><\/div><\/div><div class=\"fusion-clearfix\"><\/div><div class=\"fusion-section-separator section-separator\" style=\"border-top:1px solid #ffffff;\"><div class=\"divider-candy-arrow top\" style=\"bottom:0px;border-bottom-color: #ffffff;\"><\/div><div class=\"divider-candy top\" style=\"top:-21px;border-bottom:1px solid #ffffff;border-left:1px solid #ffffff;\"><\/div><\/div><div class=\"fusion-three-fifth fusion-layout-column fusion-spacing-yes\" style=\"margin-top:0px;margin-bottom:20px;\"><div class=\"fusion-column-wrapper\"><div class=\"fusion-title title fusion-title-size-one\"><h1 class=\"title-heading-left\">KABASA<\/h1><div class=\"title-sep-container\"><div class=\"title-sep sep-none\"><\/div><\/div><\/div><span class=\"fusion-imageframe imageframe-none imageframe-5 hover-type-none\"> <img decoding=\"async\" alt=\"\" src=\"https:\/\/old-caodanak.asban.dev\/wp-content\/uploads\/2016\/01\/esturgeon.jpg\" class=\"img-responsive\"\/><\/span><div class=\"fusion-clearfix\"><\/div><\/div><\/div><div class=\"fusion-two-fifth fusion-layout-column fusion-column-last fusion-spacing-yes\" style=\"margin-top:0px;margin-bottom:20px;\"><div class=\"fusion-column-wrapper\"><div class=\"fusion-sep-clear\"><\/div><div class=\"fusion-separator fusion-full-width-sep sep-none\" style=\"border-color:#e0dede;margin-left: auto;margin-right: auto;margin-top:100px;\"><\/div><p>\u00abKabasa, living emblem of the Abenakis of Odanak. It was used as a signature by the Arisikanteg8 people, the Abenakis of the St. Francis River.\u00bb<\/p>\n<div class=\"fusion-clearfix\"><\/div><\/div><\/div><div class=\"fusion-clearfix\"><\/div><p><em>These projects were made possible thanks to the financial participation of the Canadian government through the Aboriginal Fund for Species at Risk, the Minist\u00e8re des Ressources naturelles du gouvernement du Qu\u00e9bec and la Fondation de la faune Qu\u00e9bec.<\/em><\/p>\n\n","protected":false},"excerpt":{"rendered":"","protected":false},"author":1,"featured_media":0,"parent":0,"menu_order":0,"comment_status":"closed","ping_status":"closed","template":"","meta":{"footnotes":""},"class_list":["post-13388","page","type-page","status-publish","hentry"],"_links":{"self":[{"href":"https:\/\/old-caodanak.asban.dev\/en\/wp-json\/wp\/v2\/pages\/13388","targetHints":{"allow":["GET"]}}],"collection":[{"href":"https:\/\/old-caodanak.asban.dev\/en\/wp-json\/wp\/v2\/pages"}],"about":[{"href":"https:\/\/old-caodanak.asban.dev\/en\/wp-json\/wp\/v2\/types\/page"}],"author":[{"embeddable":true,"href":"https:\/\/old-caodanak.asban.dev\/en\/wp-json\/wp\/v2\/users\/1"}],"replies":[{"embeddable":true,"href":"https:\/\/old-caodanak.asban.dev\/en\/wp-json\/wp\/v2\/comments?post=13388"}],"version-history":[{"count":1,"href":"https:\/\/old-caodanak.asban.dev\/en\/wp-json\/wp\/v2\/pages\/13388\/revisions"}],"predecessor-version":[{"id":14060,"href":"https:\/\/old-caodanak.asban.dev\/en\/wp-json\/wp\/v2\/pages\/13388\/revisions\/14060"}],"wp:attachment":[{"href":"https:\/\/old-caodanak.asban.dev\/en\/wp-json\/wp\/v2\/media?parent=13388"}],"curies":[{"name":"wp","href":"https:\/\/api.w.org\/{rel}","templated":true}]}}