

{"id":13398,"date":"2016-01-25T23:59:02","date_gmt":"2016-01-26T04:59:02","guid":{"rendered":"http:\/\/caodanak.asban.ca\/en\/?page_id=13398"},"modified":"2025-04-23T18:09:24","modified_gmt":"2025-04-23T22:09:24","slug":"commercial-site","status":"publish","type":"page","link":"https:\/\/old-caodanak.asban.dev\/en\/commercial-site\/","title":{"rendered":"Commercial Site"},"content":{"rendered":"<div class=\"fusion-one-half fusion-layout-column fusion-spacing-yes\" style=\"margin-top:0px;margin-bottom:20px;\"><div class=\"fusion-column-wrapper\"><div class=\"fusion-title title fusion-title-size-one\"><h1 class=\"title-heading-left\">INDUSTRIAL MOTEL<\/h1><div class=\"title-sep-container\"><div class=\"title-sep sep-none\"><\/div><\/div><\/div><ul>\n<li><a href=\"http:\/\/www.biomc.ca\"><strong>Bio MC Inc.<\/strong><\/a><br \/>\n1245, route Marie-Victorin, Odanak (Qu\u00e9bec) J0G 1H0<br \/>\n819.552.3212<\/li>\n<\/ul>\n<hr \/>\n<ul>\n<li>GP Atelier m\u00e9c. g\u00e9n\u00e9rale (sp\u00e9cialis\u00e9 en Harley Davidson)<br \/>\n1245, route Marie-Victorin, Odanak (Qu\u00e9bec) J0G 1H0<br \/>\n450.561.4748<br \/>\n<a href=\"http:\/\/www.facebook.com\/Atelier-GP-M\u00e9canique-g\u00e9n\u00e9rale-1981592861874795\/\">Facebook Page<\/a><\/li>\n<\/ul>\n<hr \/>\n<ul>\n<li>Remorques Odanak<br \/>\n1245, route Marie-Victorin, Odanak (Qu\u00e9bec) J0G 1H0<br \/>\n450.568.0243<\/li>\n<\/ul>\n<div class=\"fusion-sep-clear\"><\/div><div class=\"fusion-separator fusion-full-width-sep sep-none\" style=\"border-color:#e0dede;margin-left: auto;margin-right: auto;margin-top:px;\"><\/div><div class=\"fusion-title title fusion-title-size-one\"><h1 class=\"title-heading-left\">ESTABLISHED BUSINESSES<\/h1><div class=\"title-sep-container\"><div class=\"title-sep sep-none\"><\/div><\/div><\/div><ul>\n<li><a href=\"https:\/\/www.abenakiaventure.com\/\"><b>Abenaki Aventure<\/b><\/a><br \/>\n2424, Asban Street, Odanak (Qu\u00e9bec) J0G 1H0<br \/>\n450.954.3461<br \/>\n<a href=\"https:\/\/facebook.com\/AbenakiAventure\/\">Facebook Page<\/a><\/li>\n<\/ul>\n<hr \/>\n<ul>\n<li><a href=\"http:\/\/www.asban.ca\"><strong>ASBAN\u2013 agence num\u00e9rique<\/strong><\/a><br \/>\n30, <span data-olk-copy-source=\"MessageBody\">W8banaki <\/span>Street, Odanak (Qu\u00e9bec) J0G 1H0<br \/>\n819.472.0000<br \/>\n<a href=\"https:\/\/www.facebook.com\/agenceasban\/\">Facebook Page<\/a><\/li>\n<\/ul>\n<hr \/>\n<ul>\n<li><strong>Les entreprises BCI<\/strong><br \/>\n1199, route Marie-Victorin, Odanak (Qu\u00e9bec) J0G 1H0<br \/>\n450.881.1665<br \/>\n<a href=\"https:\/\/www.facebook.com\/Les-entreprises-BCIExcavation-BCI-108829061888923\/\">Facebook Page<\/a><\/li>\n<\/ul>\n<hr \/>\n<ul>\n<li><a href=\"http:\/\/www.boutiquemiguen.com\"><strong>Boutique Miguen<\/strong><\/a><br \/>\n1057, Awassos Street, Odanak (Qu\u00e9bec) J0G 1H0<br \/>\n819.818.8311<br \/>\n<a href=\"https:\/\/www.facebook.com\/boutiquemiguen\/\">Facebook Page<\/a><\/li>\n<\/ul>\n<hr \/>\n<ul>\n<li>Brocante Odanak<br \/>\n2001, Tolba Street, Odanak (Qu\u00e9bec) J0G 1H0<br \/>\n819.801.8791<\/li>\n<\/ul>\n<hr \/>\n<ul>\n<li>Construction DD Inc.<br \/>\n18, Pakesso Street, Odanak (Qu\u00e9bec) J0G 1H0<br \/>\n819.806.5668<\/li>\n<\/ul>\n<hr \/>\n<ul>\n<li><strong><a href=\"https:\/\/www.linkedin.com\/in\/jeremywatsocournoyer\/\">Consultation Watso<\/a><\/strong><br \/>\n<span data-olk-copy-source=\"MessageBody\">217, W8banaki Street, Odanak (Qu\u00e9bec) J0G 1H0<\/span><br \/>\n<span data-olk-copy-source=\"MessageBody\">438.819.8119<\/span><\/li>\n<\/ul>\n<hr \/>\n<ul>\n<li>CPE Aw8ssisak<br \/>\n106, Sibosis Street, Odanak (Qu\u00e9bec) J0G 1H0<br \/>\n450.568.0237<\/li>\n<\/ul>\n<hr \/>\n<ul>\n<li>D\u00e9pan-O-Gaz Nimow\u00f4n<br \/>\n1110, route Marie-Victorin, Odanak (Qu\u00e9bec) J0G 1H0<br \/>\n450.568.0777<\/li>\n<\/ul>\n<hr \/>\n<ul>\n<li><a href=\"https:\/\/www.enseignementabenaki.com\/\"><strong>Enseignement Ab\u00e9naki \u2013 Centre de formation autochtone<\/strong><\/a><br \/>\n1077 rue Awassos, Odanak (Qu\u00e9bec)\u00a0 J0G 1H0<br \/>\n450.494.1476<\/li>\n<\/ul>\n<hr \/>\n<ul>\n<li>Entreprise\u00a0Ab\u00e9nakis<br \/>\n2425, Asban Street, Odanak (Qu\u00e9bec) J0G 1H0<br \/>\n450.880.2504<\/li>\n<\/ul>\n<hr \/>\n<ul>\n<li><a href=\"https:\/\/entretienkatom.com\/\"><strong>Entretien Katom<\/strong><\/a><br \/>\n1000, Awassos Street, Odanak (Qu\u00e9bec) J0G 1H0<br \/>\n819.818.8311<br \/>\n<a href=\"https:\/\/www.facebook.com\/entretienkatom\/\">Facebook Page<\/a><\/li>\n<\/ul>\n<hr \/>\n<ul>\n<li>Essengiciel<br \/>\n2003, Tolba Street, Odanak (Qu\u00e9bec) J0G 1H0<br \/>\n819.801.8791<\/li>\n<\/ul>\n<hr \/>\n<ul>\n<li>Fromagerie Odanak<br \/>\n1099, route Marie-Victorin, Odanak (Qu\u00e9bec) J0G 1H0<br \/>\n450.568.3323<\/li>\n<\/ul>\n<hr \/>\n<ul>\n<li>Gestion Ab\u00e9nakis Construction<br \/>\n66, <span data-olk-copy-source=\"MessageBody\">W8banaki <\/span>Street, Odanak (Qu\u00e9bec) J0G 1H0<br \/>\n819.818.9030<br \/>\n<a href=\"https:\/\/www.facebook.com\/Gestion-Ab%C3%A9nakis-Construction-108604521868950\/\">Page Facebook<\/a><\/li>\n<\/ul>\n<div class=\"fusion-clearfix\"><\/div><\/div><\/div><div class=\"fusion-one-half fusion-layout-column fusion-column-last fusion-spacing-yes\" style=\"margin-top:0px;margin-bottom:20px;\"><div class=\"fusion-column-wrapper\"><div class=\"fusion-title title fusion-title-size-one\"><h1 class=\"title-heading-left\">ESTABLISHED BUSINESSES (more)<\/h1><div class=\"title-sep-container\"><div class=\"title-sep sep-none\"><\/div><\/div><\/div><ul>\n<li><a href=\"http:\/\/www.joyce-panadis.com\"><strong>Joyce Panadis, Artist<\/strong><\/a><br \/>\n306, <span data-olk-copy-source=\"MessageBody\">W8banaki<\/span> Street, Odanak (Qu\u00e9bec) J0G 1H0<br \/>\n450.568.7009<br \/>\n<a href=\"https:\/\/www.facebook.com\/joycepanadisdessin\/\">Facebook Page<\/a><\/li>\n<\/ul>\n<hr \/>\n<ul>\n<li><strong><a href=\"https:\/\/plancheskizos.com\/\">Kizos planches \u00e0 pagaie<\/a><\/strong><br \/>\n35, <span data-olk-copy-source=\"MessageBody\">Managw8n<\/span> Street, Odanak (Qu\u00e9bec) J0G 1H0<br \/>\n819.471.0396<\/li>\n<\/ul>\n<hr \/>\n<ul>\n<li>La plume Blanche, First Nation Crafts<br \/>\n298, <span data-olk-copy-source=\"MessageBody\">W8banaki<\/span> Street, Odanak (Qu\u00e9bec) J0G 1H0<br \/>\n450.568.7261<\/li>\n<\/ul>\n<hr \/>\n<ul>\n<li><strong><a href=\"http:\/\/www.lutheriewabanaki.com\">Lutherie Waban-Aki<\/a><\/strong><br \/>\n2001, Tolba Street, Odanak (Qu\u00e9bec) J0G 1H0<br \/>\n819.801.8791<\/li>\n<\/ul>\n<hr \/>\n<ul>\n<li>Kchaiak Seniors Home<br \/>\n120, <span data-olk-copy-source=\"MessageBody\">W8banaki<\/span> Street, Odanak (Qu\u00e9bec) J0G 1H0<br \/>\n450.568.7064<\/li>\n<\/ul>\n<hr \/>\n<ul>\n<li>MC Pi\u00e8ces d&#8217;auto\/Les docteurs du pneu inc.<br \/>\n46, <span data-olk-copy-source=\"MessageBody\">W8banaki<\/span> Street, Odanak (Qu\u00e9bec) J0G 1H0<br \/>\n450.568.0243<\/li>\n<\/ul>\n<hr \/>\n<ul>\n<li><a href=\"https:\/\/museeabenakis.ca\/\"><strong>Mus\u00e9e des Ab\u00e9nakis<\/strong><\/a><br \/>\n108, <span data-olk-copy-source=\"MessageBody\">W8banaki<\/span> Street, Odanak (Qu\u00e9bec) J0G 1H0<br \/>\n450.568.2600<br \/>\n<a href=\"https:\/\/www.facebook.com\/MuseeAbenakis\/\">Facebook Page<\/a><\/li>\n<\/ul>\n<hr \/>\n<ul>\n<li><a href=\"http:\/\/www.facebook.com\/Fromagerie-Odanak-Resto-Rapide-577626932593889\/\"><strong>Pizz\u00e9ria Resto Rapide<\/strong><\/a><br \/>\n1099, route Marie-Victorin, Odanak (Qu\u00e9bec) J0G 1H0<br \/>\n450.568.3777<\/li>\n<\/ul>\n<hr \/>\n<ul>\n<li>Remorquage Patrick Verville<br \/>\n295 rue Sainte-Anne, St-Fran\u00e7ois-du-Lac (Qu\u00e9bec) J0G 1Mo<br \/>\n450.568.2167<\/li>\n<\/ul>\n<hr \/>\n<ul>\n<li>Sonorisation-2023<br \/>\n19, <span data-olk-copy-source=\"MessageBody\">Managw8n Street<\/span>, Odanak (Qu\u00e9bec) J0G 1H0<br \/>\n819.640.6707<\/li>\n<\/ul>\n<hr \/>\n<ul>\n<li><a href=\"https:\/\/sagamite-watso.myshopify.com\/\"><strong>Soupe Sagamit\u00e9 Watso<\/strong><\/a><br \/>\n1101, route Marie-Victorin, Odanak (Qu\u00e9bec) J0G 1H0<br \/>\n450.494.1265<br \/>\n<a href=\"https:\/\/www.facebook.com\/Sagamit%C3%A9-WATSO-110289281154742\/\">Facebook Page<\/a><\/li>\n<\/ul>\n<hr \/>\n<ul>\n<li><a href=\"http:\/\/www.studiomanagw8n.com\"><strong><span data-olk-copy-source=\"MessageBody\">Studio Managw8n<\/span><\/strong><\/a><br \/>\n<span data-olk-copy-source=\"MessageBody\">12, Managw8n Street, Odanak (Qu\u00e9bec) J0G 1H0<\/span><br \/>\n<span data-olk-copy-source=\"MessageBody\">450.808.1081\u00a0<\/span><\/li>\n<\/ul>\n<hr \/>\n<ul>\n<li><a href=\"https:\/\/www.cloralmosaicproductions.com\/\"><strong>Studio d&#8217;enregistrement\u00a0Productions\u00a0C<wbr \/>loral Mosaic<\/strong><\/a><br \/>\n27, <span data-olk-copy-source=\"MessageBody\">Managw8n<\/span> Street, Odanak (Qu\u00e9bec) J0G 1H0<br \/>\n647.444.4347<\/li>\n<\/ul>\n<hr \/>\n<ul>\n<li><a href=\"http:\/\/www.transportdsd.com\"><strong>Transport DSD inc.<\/strong><\/a><br \/>\n30, <span data-olk-copy-source=\"MessageBody\">W8banaki <\/span>Street, Odanak (Qu\u00e9bec) J0G 1H0<br \/>\n450.568.5151<\/li>\n<\/ul>\n<hr \/>\n<div class=\"fusion-clearfix\"><\/div><\/div><\/div><div class=\"fusion-clearfix\"><\/div><div class=\"fusion-sep-clear\"><\/div><div class=\"fusion-separator fusion-full-width-sep sep-none\" style=\"border-color:#e0dede;margin-left: auto;margin-right: auto;margin-top:px;\"><\/div><div class=\"highlight\">MORE INFORMATION<\/div>\n<div class=\"fusion-two-fifth fusion-layout-column fusion-spacing-yes\" style=\"margin-top:0px;margin-bottom:20px;\"><div class=\"fusion-column-wrapper\"><span class=\"fusion-imageframe imageframe-none imageframe-1 hover-type-none\"> <img decoding=\"async\" src=\"https:\/\/old-caodanak.asban.dev\/wp-content\/uploads\/2016\/01\/motel_industriel.jpg\" alt=\"\" class=\"img-responsive\"\/><\/span><div class=\"fusion-clearfix\"><\/div><\/div><\/div><div class=\"fusion-one-third one_third fusion-layout-column fusion-spacing-yes\" style=\"margin-top:0px;margin-bottom:20px;\" id=\"administrer\"><div class=\"fusion-column-wrapper\"><div class=\"fusion-title title fusion-title-size-one\"><h1 class=\"title-heading-left\">INDUSTRIAL MOTEL<\/h1><div class=\"title-sep-container\"><div class=\"title-sep sep-none\"><\/div><\/div><\/div><p style=\"text-align: justify;\">The building has a capacity of 6,000 ft2. It is possible to occupy a space of 1,000 ft2 or more. Each space for rent is equipped with a garage door for easy access to the goods or otherwise. Located just off Route 132, the continual traffic and ample parking are of great convenience.<\/p>\n<p style=\"text-align: justify;\">To book a place in the second phase, please contact us. Open to all, this is a golden opportunity to start or grow your organization.<\/p>\n<div class=\"fusion-clearfix\"><\/div><\/div><\/div><div class=\"fusion-one-fourth fusion-layout-column fusion-column-last fusion-spacing-yes\" style=\"margin-top:0px;margin-bottom:20px;\" id=\"administrer\"><div class=\"fusion-column-wrapper\"><div class=\"fusion-title title fusion-title-size-two\"><h2 class=\"title-heading-left\">CONSTRUCTION<\/h2><div class=\"title-sep-container\"><div class=\"title-sep sep-none\"><\/div><\/div><\/div><p><strong>Type of construction :<\/strong> Wood<br \/>\n<strong>Ceilling height :<\/strong> 14&#8242;<br \/>\n<strong>Year of construction :<\/strong> 2018<br \/>\n<strong>Heating :<\/strong> Gas<br \/>\n<strong>Facility: <\/strong> Snow removing<br \/>\n<strong>Services :<\/strong> Sewer and water<br \/>\n<strong>Road Access :<\/strong> Route 132<\/p>\n<div class=\"highlight\">You would like to visit?<\/div>\n<h3>CONTACT US!<\/h3>\n<p>Claude Panadis, Housing Agent &#8211; 450.568.2810\u00a0#238<br \/>\nMonday to Friday, from 1pm to\u00a05pm<\/p>\n<div class=\"fusion-clearfix\"><\/div><\/div><\/div><div class=\"fusion-clearfix\"><\/div>\n","protected":false},"excerpt":{"rendered":"","protected":false},"author":1,"featured_media":0,"parent":0,"menu_order":0,"comment_status":"open","ping_status":"open","template":"","meta":{"footnotes":""},"class_list":["post-13398","page","type-page","status-publish","hentry"],"_links":{"self":[{"href":"https:\/\/old-caodanak.asban.dev\/en\/wp-json\/wp\/v2\/pages\/13398","targetHints":{"allow":["GET"]}}],"collection":[{"href":"https:\/\/old-caodanak.asban.dev\/en\/wp-json\/wp\/v2\/pages"}],"about":[{"href":"https:\/\/old-caodanak.asban.dev\/en\/wp-json\/wp\/v2\/types\/page"}],"author":[{"embeddable":true,"href":"https:\/\/old-caodanak.asban.dev\/en\/wp-json\/wp\/v2\/users\/1"}],"replies":[{"embeddable":true,"href":"https:\/\/old-caodanak.asban.dev\/en\/wp-json\/wp\/v2\/comments?post=13398"}],"version-history":[{"count":49,"href":"https:\/\/old-caodanak.asban.dev\/en\/wp-json\/wp\/v2\/pages\/13398\/revisions"}],"predecessor-version":[{"id":23733,"href":"https:\/\/old-caodanak.asban.dev\/en\/wp-json\/wp\/v2\/pages\/13398\/revisions\/23733"}],"wp:attachment":[{"href":"https:\/\/old-caodanak.asban.dev\/en\/wp-json\/wp\/v2\/media?parent=13398"}],"curies":[{"name":"wp","href":"https:\/\/api.w.org\/{rel}","templated":true}]}}