

{"id":22532,"date":"2024-02-14T10:44:14","date_gmt":"2024-02-14T15:44:14","guid":{"rendered":"https:\/\/old-caodanak.asban.dev\/en\/?page_id=22532"},"modified":"2025-02-27T09:57:31","modified_gmt":"2025-02-27T14:57:31","slug":"violence-prevention","status":"publish","type":"page","link":"https:\/\/old-caodanak.asban.dev\/en\/violence-prevention\/","title":{"rendered":"VIOLENCE PREVENTION"},"content":{"rendered":"<div class=\"fusion-one-half fusion-layout-column fusion-spacing-yes\" style=\"margin-top:0px;margin-bottom:20px;\"><div class=\"fusion-column-wrapper\" style=\"background:url(https:\/\/old-caodanak.asban.dev\/wp-content\/uploads\/2024\/02\/Pr\u00e9vention-violence.jpg) left top no-repeat ;-webkit-background-size:cover;-moz-background-size:cover;-o-background-size:cover;background-size:cover;\" data-bg-url=\"https:\/\/old-caodanak.asban.dev\/wp-content\/uploads\/2024\/02\/Pr\u00e9vention-violence.jpg\"><span class=\"fusion-imageframe imageframe-none imageframe-1 hover-type-none\"> <img decoding=\"async\" src=\"https:\/\/old-caodanak.asban.dev\/wp-content\/uploads\/2024\/02\/Pr\u00e9vention-violence.jpg\" alt=\"\" class=\"img-responsive\"\/><\/span><div class=\"fusion-clearfix\"><\/div><\/div><\/div><div class=\"fusion-one-half fusion-layout-column fusion-column-last fusion-spacing-yes\" style=\"margin-top:0px;margin-bottom:20px;\"><div class=\"fusion-column-wrapper\"><h1 class=\"highlight\">OUR COMMITMENT IN VIOLENCE PREVENTION<\/h1>\n<p>The Abenaki of Odanak Band Council wishes to be an ally against domestic violence by providing a safe and supportive environment. That&#8217;s why the Council has adopted a <em>Policy on domestic, family, or sexual violence in the workplace<\/em>, along with an associated statement.<\/p>\n<h1>SOME HELPFUL REFERENCES<\/h1>\n<p>Here are a few references offering useful information that we invite you to explore if you need it:<\/p>\n<ul>\n<li><a href=\"https:\/\/sosviolenceconjugale.ca\/en\">SOS Domestic Violence<\/a><\/li>\n<li><a href=\"https:\/\/educaloi.qc.ca\/en\/web-guide\/domestic-violence\/\">\u00c9ducaloi\u00a0 &#8211; <em>Domestic Violence: Definition, Legal Steps and Where to Get Help<\/em><\/a><\/li>\n<\/ul>\n<h1 class=\"highlight\">OFFICIAL DOCUMENTS<\/h1>\n<ul>\n<li><a href=\"https:\/\/old-caodanak.asban.dev\/wp-content\/uploads\/2024\/02\/Politique-en-mati\u00e8re-de-violence-conjugale-familiale-ou-\u00e0-caract\u00e8re-sexuel-au-travail_ENG.REV-1.pdf\"><strong>Workplace Policy on Domestic, Family, or Sexual Violence<\/strong><\/a><\/li>\n<li><a href=\"https:\/\/old-caodanak.asban.dev\/wp-content\/uploads\/2025\/02\/Certification-MTA-Conseil-des-Ab\u00e9nakis-dOdanak.pdf\"><strong><em>Proactive Workplace<\/em> Certification <\/strong><\/a><\/li>\n<\/ul>\n<div class=\"fusion-clearfix\"><\/div><\/div><\/div><div class=\"fusion-clearfix\"><\/div>\n","protected":false},"excerpt":{"rendered":"","protected":false},"author":5,"featured_media":0,"parent":0,"menu_order":0,"comment_status":"closed","ping_status":"closed","template":"","meta":{"footnotes":""},"class_list":["post-22532","page","type-page","status-publish","hentry"],"_links":{"self":[{"href":"https:\/\/old-caodanak.asban.dev\/en\/wp-json\/wp\/v2\/pages\/22532","targetHints":{"allow":["GET"]}}],"collection":[{"href":"https:\/\/old-caodanak.asban.dev\/en\/wp-json\/wp\/v2\/pages"}],"about":[{"href":"https:\/\/old-caodanak.asban.dev\/en\/wp-json\/wp\/v2\/types\/page"}],"author":[{"embeddable":true,"href":"https:\/\/old-caodanak.asban.dev\/en\/wp-json\/wp\/v2\/users\/5"}],"replies":[{"embeddable":true,"href":"https:\/\/old-caodanak.asban.dev\/en\/wp-json\/wp\/v2\/comments?post=22532"}],"version-history":[{"count":6,"href":"https:\/\/old-caodanak.asban.dev\/en\/wp-json\/wp\/v2\/pages\/22532\/revisions"}],"predecessor-version":[{"id":23567,"href":"https:\/\/old-caodanak.asban.dev\/en\/wp-json\/wp\/v2\/pages\/22532\/revisions\/23567"}],"wp:attachment":[{"href":"https:\/\/old-caodanak.asban.dev\/en\/wp-json\/wp\/v2\/media?parent=22532"}],"curies":[{"name":"wp","href":"https:\/\/api.w.org\/{rel}","templated":true}]}}